{"id":1570,"date":"2013-05-23T21:09:20","date_gmt":"2013-05-23T20:09:20","guid":{"rendered":"http:\/\/blitzgestalten.de\/blog\/?page_id=1570"},"modified":"2014-11-08T11:13:20","modified_gmt":"2014-11-08T10:13:20","slug":"angebote","status":"publish","type":"page","link":"https:\/\/blitzgestalten.de\/blog\/angebote\/","title":{"rendered":"Fotoshooting gef\u00e4llig?"},"content":{"rendered":"<p><a href=\"https:\/\/blitzgestalten.de\/blog\/wp-content\/uploads\/2014\/05\/140404_bg_Capture0347_ab_org_web.jpg\" rel=\"lightbox[1570]\"><img loading=\"lazy\" class=\"size-medium wp-image-2341 alignright\" src=\"https:\/\/blitzgestalten.de\/blog\/wp-content\/uploads\/2014\/05\/140404_bg_Capture0347_ab_org_web-300x200.jpg\" alt=\"140404_bg_Capture0347_ab_org_web\" width=\"300\" height=\"200\" srcset=\"https:\/\/blitzgestalten.de\/blog\/wp-content\/uploads\/2014\/05\/140404_bg_Capture0347_ab_org_web-300x200.jpg 300w, https:\/\/blitzgestalten.de\/blog\/wp-content\/uploads\/2014\/05\/140404_bg_Capture0347_ab_org_web-1024x683.jpg 1024w, https:\/\/blitzgestalten.de\/blog\/wp-content\/uploads\/2014\/05\/140404_bg_Capture0347_ab_org_web.jpg 1198w\" sizes=\"(max-width: 300px) 100vw, 300px\" \/><\/a><\/p>\n<h2>People and Fashion Fotografie<\/h2>\n<p>Haupts\u00e4chlich arbeiten wir im Bereich der People und Fashionfotografie. In der Regel haben wir hierzu jeweils ein konkretes Shooting Konzept welches wir w\u00e4hrend des Shootings umsetzen. Der gemeinsame Spa\u00df aber auch die Ergebnisse sind f\u00fcr uns dabei das Wichtigste. Alles Andere f\u00fcgt sich in der Regel ganz von alleine in die richtigen Bahnen.\u00a0Wir haben pro Jahr meist rund 12 Shooting Termine die wir aufplanen.<\/p>\n<p>Solltest Du dich als Model f\u00fcr einen dieser Termine interessieren melde Dich einfach bei uns. Infos wie Shooting mit uns ablaufen, kannst Du bereits <a title=\"Nur f\u00fcr Models\" href=\"https:\/\/blitzgestalten.de\/blog\/preparation\/\" target=\"_blank\">hier nachlesen<\/a>.<\/p>\n<p>&nbsp;<\/p>\n<h2>Auftragsarbeiten<\/h2>\n<p><a href=\"https:\/\/blitzgestalten.de\/blog\/wp-content\/uploads\/2014\/06\/140510_bg_eva-flying-II-Kopie_mb_org_web.jpg\" rel=\"lightbox[1570]\"><img loading=\"lazy\" class=\"alignleft size-medium wp-image-2374\" src=\"https:\/\/blitzgestalten.de\/blog\/wp-content\/uploads\/2014\/06\/140510_bg_eva-flying-II-Kopie_mb_org_web-300x198.jpg\" alt=\"140510_bg_eva flying II Kopie_mb_org_web\" width=\"300\" height=\"198\" srcset=\"https:\/\/blitzgestalten.de\/blog\/wp-content\/uploads\/2014\/06\/140510_bg_eva-flying-II-Kopie_mb_org_web-300x198.jpg 300w, https:\/\/blitzgestalten.de\/blog\/wp-content\/uploads\/2014\/06\/140510_bg_eva-flying-II-Kopie_mb_org_web-1024x677.jpg 1024w, https:\/\/blitzgestalten.de\/blog\/wp-content\/uploads\/2014\/06\/140510_bg_eva-flying-II-Kopie_mb_org_web.jpg 1209w\" sizes=\"(max-width: 300px) 100vw, 300px\" \/><\/a>Wir f\u00fchren nat\u00fcrlich auch <strong>Auftragsarbeiten wie bspw. Portrait-, Personal-, Paar-, Engagementshootings und Hochzeiten<\/strong> durch.<\/p>\n<p>Wenn Du also richtig tolle Fotos von Dir bzw. Euch haben m\u00f6chtest, melde Dich gerne bei uns.<\/p>\n<p>&nbsp;<\/p>\n<p>&nbsp;<\/p>\n<div class=\"info-box\">\n<p><strong>Kontaktm\u00f6glichkeiten<\/strong><\/p>\n<ul class=\"bullet_arrow2 imglist\" style=\"background-color: transparent; line-height: 1.5em;\">\n<li><a style=\"font-size: 12px; background-color: transparent; line-height: 1.5em;\" title=\"Contact\" href=\"https:\/\/blitzgestalten.de\/blog\/contact\/\">Kontaktformular<\/a><\/li>\n<li><a style=\"font-size: 12px; background-color: transparent; line-height: 1.5em;\" href=\"http:\/\/facebook.com\/blitzgestalten\" target=\"_blank\">Facebook<\/a><\/li>\n<li><a style=\"font-size: 12px; background-color: transparent; line-height: 1.5em;\" href=\"http:\/\/www.model-kartei.de\/sedcards\/fotograf\/310749\/blitzgestaltende\/\" target=\"_blank\">Model-Kartei<\/a><\/li>\n<li><a style=\"font-size: 12px; background-color: transparent; line-height: 1.5em;\" href=\"mailto:kontakt@blitzgestalten.de\" target=\"_blank\">E-Mail<\/a><\/li>\n<\/ul>\n<\/div>\n<p>&nbsp;<\/p>\n","protected":false},"excerpt":{"rendered":"<p>People and Fashion Fotografie Haupts\u00e4chlich arbeiten wir im Bereich der People und Fashionfotografie. In der Regel haben wir hierzu jeweils ein konkretes Shooting Konzept welches wir w\u00e4hrend des Shootings umsetzen. Der gemeinsame Spa\u00df aber auch die Ergebnisse sind f\u00fcr uns dabei das Wichtigste. Alles Andere f\u00fcgt sich in der Regel ganz von alleine in die [&hellip;]<\/p>\n","protected":false},"author":1,"featured_media":0,"parent":0,"menu_order":0,"comment_status":"closed","ping_status":"closed","template":"","meta":[],"_links":{"self":[{"href":"https:\/\/blitzgestalten.de\/blog\/wp-json\/wp\/v2\/pages\/1570"}],"collection":[{"href":"https:\/\/blitzgestalten.de\/blog\/wp-json\/wp\/v2\/pages"}],"about":[{"href":"https:\/\/blitzgestalten.de\/blog\/wp-json\/wp\/v2\/types\/page"}],"author":[{"embeddable":true,"href":"https:\/\/blitzgestalten.de\/blog\/wp-json\/wp\/v2\/users\/1"}],"replies":[{"embeddable":true,"href":"https:\/\/blitzgestalten.de\/blog\/wp-json\/wp\/v2\/comments?post=1570"}],"version-history":[{"count":56,"href":"https:\/\/blitzgestalten.de\/blog\/wp-json\/wp\/v2\/pages\/1570\/revisions"}],"predecessor-version":[{"id":2470,"href":"https:\/\/blitzgestalten.de\/blog\/wp-json\/wp\/v2\/pages\/1570\/revisions\/2470"}],"wp:attachment":[{"href":"https:\/\/blitzgestalten.de\/blog\/wp-json\/wp\/v2\/media?parent=1570"}],"curies":[{"name":"wp","href":"https:\/\/api.w.org\/{rel}","templated":true}]}}