{"id":632,"date":"2012-01-18T17:01:55","date_gmt":"2012-01-18T16:01:55","guid":{"rendered":"http:\/\/blitzgestalten.de\/blog\/?page_id=632"},"modified":"2014-12-04T19:35:23","modified_gmt":"2014-12-04T18:35:23","slug":"about-us","status":"publish","type":"page","link":"https:\/\/blitzgestalten.de\/blog\/about-us\/","title":{"rendered":"About us"},"content":{"rendered":"<p><img loading=\"lazy\" class=\"wp-image-1690 alignleft\" src=\"https:\/\/blitzgestalten.de\/blog\/wp-content\/uploads\/2012\/01\/bg_DSC_5819_ab_web-e1369338648858.jpg\" alt=\"bg_DSC_5819_ab_web\" width=\"250\" height=\"167\" \/><\/p>\n<p>Wir sind zwei gut gelaunte Blitzgestalten aus dem Rhein-Main Gebiet, die ihre Ideen mit Licht, Schatten und der notwendigen Technik umsetzen<span style=\"line-height: 1.5em;\">. <\/span><\/p>\n<p><span style=\"line-height: 1.5em;\">Dabei w<\/span>ollen wir Neues schaffen und vor allen Dingen Spass haben. W\u00e4hrend des Shootings gehen wir auch auf W\u00fcnsche ein, haben aber in der Regel ein klares Konzept f\u00fcr das Shooting.<\/p>\n<p>&nbsp;<\/p>\n<p><img loading=\"lazy\" class=\"size-full wp-image-1691 alignright\" style=\"text-align: center;\" src=\"https:\/\/blitzgestalten.de\/blog\/wp-content\/uploads\/2012\/01\/320601_266799813443077_1961143331_n-e1369338792255.jpg\" alt=\"320601_266799813443077_1961143331_n\" width=\"250\" height=\"167\" \/><\/p>\n<p>Im normalen Tagesgesch\u00e4ft sind wir im IT-Bereich t\u00e4tig und nach Feierabend k\u00f6nnen wir dann abschalten und unserem kreativen Hobby nachgehen. Seit 2011 erarbeiten wir uns gemeinsam unsere Projekte und freuen uns jedes Mal dar\u00fcber, wenn wir wieder ein tolles Projekt erfolgreich abschlie\u00dfen k\u00f6nnen.<\/p>\n<p>Wenn Ihr beim Anschauen unseres Portfolios Lust bekommen habt mit uns zu arbeiten, <a title=\"Fotoshooting gef\u00e4llig?\" href=\"https:\/\/blitzgestalten.de\/blog\/angebote\/\">meldet Euch bei uns<\/a>.<\/p>\n<p><span style=\"line-height: 1.5em;\">Auftragsarbeiten wie Fashion Shootings, Sed-Cards, Bewerbungsfotos, Mode Kataloge etc. sind ebenfalls m\u00f6glich. <\/span><a style=\"line-height: 1.5em;\" title=\"Fotoshooting gef\u00e4llig?\" href=\"https:\/\/blitzgestalten.de\/blog\/angebote\/\">Mehr\u00a0erfahrt ihr hier!<\/a><\/p>\n<p>Viele Gr\u00fc\u00dfe<\/p>\n<p>Alex &amp; Michael<\/p>\n","protected":false},"excerpt":{"rendered":"<p>Wir sind zwei gut gelaunte Blitzgestalten aus dem Rhein-Main Gebiet, die ihre Ideen mit Licht, Schatten und der notwendigen Technik umsetzen. Dabei wollen wir Neues schaffen und vor allen Dingen Spass haben. W\u00e4hrend des Shootings gehen wir auch auf W\u00fcnsche ein, haben aber in der Regel ein klares Konzept f\u00fcr das Shooting. &nbsp; Im normalen [&hellip;]<\/p>\n","protected":false},"author":1,"featured_media":0,"parent":0,"menu_order":0,"comment_status":"closed","ping_status":"closed","template":"","meta":[],"_links":{"self":[{"href":"https:\/\/blitzgestalten.de\/blog\/wp-json\/wp\/v2\/pages\/632"}],"collection":[{"href":"https:\/\/blitzgestalten.de\/blog\/wp-json\/wp\/v2\/pages"}],"about":[{"href":"https:\/\/blitzgestalten.de\/blog\/wp-json\/wp\/v2\/types\/page"}],"author":[{"embeddable":true,"href":"https:\/\/blitzgestalten.de\/blog\/wp-json\/wp\/v2\/users\/1"}],"replies":[{"embeddable":true,"href":"https:\/\/blitzgestalten.de\/blog\/wp-json\/wp\/v2\/comments?post=632"}],"version-history":[{"count":27,"href":"https:\/\/blitzgestalten.de\/blog\/wp-json\/wp\/v2\/pages\/632\/revisions"}],"predecessor-version":[{"id":2472,"href":"https:\/\/blitzgestalten.de\/blog\/wp-json\/wp\/v2\/pages\/632\/revisions\/2472"}],"wp:attachment":[{"href":"https:\/\/blitzgestalten.de\/blog\/wp-json\/wp\/v2\/media?parent=632"}],"curies":[{"name":"wp","href":"https:\/\/api.w.org\/{rel}","templated":true}]}}